{"id":6605,"date":"2025-10-17T18:57:14","date_gmt":"2025-10-17T18:57:14","guid":{"rendered":"https:\/\/ialabs.com.co\/?page_id=6605"},"modified":"2025-11-11T16:22:52","modified_gmt":"2025-11-11T16:22:52","slug":"demo","status":"publish","type":"page","link":"https:\/\/ialabs.com.co\/en\/demo\/","title":{"rendered":"Demo"},"content":{"rendered":"<div data-elementor-type=\"wp-post\" data-elementor-id=\"6605\" class=\"elementor elementor-6605\" data-elementor-post-type=\"page\">\n\t\t\t\t<div class=\"elementor-element elementor-element-defb67a e-flex e-con-boxed e-con e-parent\" data-id=\"defb67a\" data-element_type=\"container\">\n\t\t\t\t\t<div class=\"e-con-inner\">\n\t\t<div class=\"elementor-element elementor-element-c2de8cd e-con-full e-flex e-con e-child\" data-id=\"c2de8cd\" data-element_type=\"container\" data-settings=\"{&quot;background_background&quot;:&quot;gradient&quot;}\">\n\t\t<div class=\"elementor-element elementor-element-8e621d1 e-con-full e-flex e-con e-child\" data-id=\"8e621d1\" data-element_type=\"container\" data-settings=\"{&quot;background_background&quot;:&quot;gradient&quot;}\">\n\t\t\t\t<div class=\"elementor-element elementor-element-1031e91 elementor-widget elementor-widget-heading\" data-id=\"1031e91\" data-element_type=\"widget\" data-widget_type=\"heading.default\">\n\t\t\t\t<div class=\"elementor-widget-container\">\n\t\t\t\t\t<h2 class=\"elementor-heading-title elementor-size-default\">Get a place in the first row to get to know our products\n<\/h2>\t\t\t\t<\/div>\n\t\t\t\t<\/div>\n\t\t\t\t<div class=\"elementor-element elementor-element-d9f9bbe elementor-widget elementor-widget-text-editor\" data-id=\"d9f9bbe\" data-element_type=\"widget\" data-widget_type=\"text-editor.default\">\n\t\t\t\t<div class=\"elementor-widget-container\">\n\t\t\t\t\t\t\t\t\t<p>Discover how AI Labs drives the digital transformation using advanced analytics, automation and artificial intelligence. Explore our demos are interactive and get to know the platforms that are revolutionizing the public management and business.<\/p>\t\t\t\t\t\t\t\t<\/div>\n\t\t\t\t<\/div>\n\t\t\t\t<\/div>\n\t\t<div class=\"elementor-element elementor-element-93c4ed7 e-con-full e-flex e-con e-child\" data-id=\"93c4ed7\" data-element_type=\"container\" data-settings=\"{&quot;background_background&quot;:&quot;classic&quot;}\">\n\t\t\t\t<div class=\"elementor-element elementor-element-b33091d elementor-widget__width-initial elementor-widget elementor-widget-form\" data-id=\"b33091d\" data-element_type=\"widget\" data-settings=\"{&quot;button_width&quot;:&quot;20&quot;,&quot;step_next_label&quot;:&quot;Next&quot;,&quot;step_previous_label&quot;:&quot;Previous&quot;,&quot;step_type&quot;:&quot;number_text&quot;,&quot;step_icon_shape&quot;:&quot;circle&quot;}\" data-widget_type=\"form.default\">\n\t\t\t\t<div class=\"elementor-widget-container\">\n\t\t\t\t\t\t\t<form class=\"elementor-form\" method=\"post\" id=\"form_contactenos\" name=\"form_demo\" aria-label=\"form_demo\" action=\"\">\n\t\t\t<input type=\"hidden\" name=\"post_id\" value=\"6605\"\/>\n\t\t\t<input type=\"hidden\" name=\"form_id\" value=\"b33091d\"\/>\n\t\t\t<input type=\"hidden\" name=\"referer_title\" value=\"Demo IA | Prueba Gratis las Soluciones de iaLabs\" \/>\n\n\t\t\t\t\t\t\t<input type=\"hidden\" name=\"queried_id\" value=\"6605\"\/>\n\t\t\t\n\t\t\t<div class=\"elementor-form-fields-wrapper elementor-labels-\">\n\t\t\t\t\t\t\t\t<div class=\"elementor-field-type-text elementor-field-group elementor-column elementor-field-group-nombre elementor-col-50 elementor-field-required\">\n\t\t\t\t\t\t\t\t\t\t\t\t\t<input size=\"1\" type=\"text\" name=\"form_fields[nombre]\" id=\"form-field-nombre\" class=\"elementor-field elementor-size-sm  elementor-field-textual\" placeholder=\"Name*\" required=\"required\">\n\t\t\t\t\t\t\t\t\t\t\t<\/div>\n\t\t\t\t\t\t\t\t<div class=\"elementor-field-type-text elementor-field-group elementor-column elementor-field-group-apellido elementor-col-50 elementor-field-required\">\n\t\t\t\t\t\t\t\t\t\t\t\t\t<input size=\"1\" type=\"text\" name=\"form_fields[apellido]\" id=\"form-field-apellido\" class=\"elementor-field elementor-size-sm  elementor-field-textual\" placeholder=\"Last name*\" required=\"required\">\n\t\t\t\t\t\t\t\t\t\t\t<\/div>\n\t\t\t\t\t\t\t\t<div class=\"elementor-field-type-number elementor-field-group elementor-column elementor-field-group-contacto elementor-col-100 elementor-field-required\">\n\t\t\t\t\t\t\t\t<input type=\"number\" name=\"form_fields[contacto]\" id=\"form-field-contacto\" class=\"elementor-field elementor-size-sm  elementor-field-textual\" placeholder=\"Phone*\" required=\"required\" min=\"\" max=\"\" >\n\t\t\t\t\t\t<\/div>\n\t\t\t\t\t\t\t\t<div class=\"elementor-field-type-text elementor-field-group elementor-column elementor-field-group-empresa elementor-col-100 elementor-field-required\">\n\t\t\t\t\t\t\t\t\t\t\t\t\t<input size=\"1\" type=\"text\" name=\"form_fields[empresa]\" id=\"form-field-empresa\" class=\"elementor-field elementor-size-sm  elementor-field-textual\" placeholder=\"Company*\" required=\"required\">\n\t\t\t\t\t\t\t\t\t\t\t<\/div>\n\t\t\t\t\t\t\t\t<div class=\"elementor-field-type-email elementor-field-group elementor-column elementor-field-group-email elementor-col-100 elementor-field-required\">\n\t\t\t\t\t\t\t\t\t\t\t\t\t<input size=\"1\" type=\"email\" name=\"form_fields[email]\" id=\"form-field-email\" class=\"elementor-field elementor-size-sm  elementor-field-textual\" placeholder=\"Email*\" required=\"required\">\n\t\t\t\t\t\t\t\t\t\t\t<\/div>\n\t\t\t\t\t\t\t\t<div class=\"elementor-field-type-text elementor-field-group elementor-column elementor-field-group-cargo elementor-col-100 elementor-field-required\">\n\t\t\t\t\t\t\t\t\t\t\t\t\t<input size=\"1\" type=\"text\" name=\"form_fields[cargo]\" id=\"form-field-cargo\" class=\"elementor-field elementor-size-sm  elementor-field-textual\" placeholder=\"Charge*\" required=\"required\">\n\t\t\t\t\t\t\t\t\t\t\t<\/div>\n\t\t\t\t\t\t\t\t<div class=\"elementor-field-type-select elementor-field-group elementor-column elementor-field-group-solicitud elementor-col-100 elementor-field-required\">\n\t\t\t\t\t\t\t<div class=\"elementor-field elementor-select-wrapper remove-before\">\n\t\t\t<div class=\"select-caret-down-wrapper\">\n\t\t\t\t<i aria-hidden=\"true\" class=\"eicon-caret-down\"><\/i>\t\t\t<\/div>\n\t\t\t<select name=\"form_fields[solicitud]\" id=\"form-field-solicitud\" class=\"elementor-field-textual elementor-size-sm\" required=\"required\">\n\t\t\t\t\t\t\t\t\t<option value=\"MiPG Fast\">MiPG Fast<\/option>\n\t\t\t\t\t\t\t\t\t<option value=\"SGLab\">SGLab<\/option>\n\t\t\t\t\t\t\t\t\t<option value=\"IA &amp; Data Platform\">AI &amp; Data Platform<\/option>\n\t\t\t\t\t\t\t\t\t<option value=\"Capacitaci\u00f3n\">Training<\/option>\n\t\t\t\t\t\t\t\t\t<option value=\"Otro \/ No estoy seguro\">Other \/ Not sure<\/option>\n\t\t\t\t\t\t\t<\/select>\n\t\t<\/div>\n\t\t\t\t\t\t<\/div>\n\t\t\t\t\t\t\t\t<div class=\"elementor-field-type-textarea elementor-field-group elementor-column elementor-field-group-mensaje elementor-col-100\">\n\t\t\t\t\t<textarea class=\"elementor-field-textual elementor-field  elementor-size-sm\" name=\"form_fields[mensaje]\" id=\"form-field-mensaje\" rows=\"3\" placeholder=\"Comments\"><\/textarea>\t\t\t\t<\/div>\n\t\t\t\t\t\t\t\t<div class=\"elementor-field-group elementor-column elementor-field-type-submit elementor-col-20 e-form__buttons\">\n\t\t\t\t\t<button class=\"elementor-button elementor-size-xs\" type=\"submit\">\n\t\t\t\t\t\t<span class=\"elementor-button-content-wrapper\">\n\t\t\t\t\t\t\t\t\t\t\t\t\t\t\t\t\t\t\t\t\t\t<span class=\"elementor-button-text\">Send<\/span>\n\t\t\t\t\t\t\t\t\t\t\t\t\t<\/span>\n\t\t\t\t\t<\/button>\n\t\t\t\t<\/div>\n\t\t\t<\/div>\n\t\t<input type=\"hidden\" name=\"trp-form-language\" value=\"en\"\/><\/form>\n\t\t\t\t\t\t<\/div>\n\t\t\t\t<\/div>\n\t\t\t\t<div class=\"elementor-element elementor-element-02fa164 elementor-widget elementor-widget-text-editor\" data-id=\"02fa164\" data-element_type=\"widget\" data-widget_type=\"text-editor.default\">\n\t\t\t\t<div class=\"elementor-widget-container\">\n\t\t\t\t\t\t\t\t\t<p>By clicking submit, I agree to the <a href=\"http:\/\/ialabs.com.co\/wp-content\/uploads\/2025\/01\/POL-SG-006-1-03.10.2022-Politica-y-procedimiento-de-proteccion-de-datos-personales.pdf\">Privacy policy<\/a> of IAlabs<\/p>\t\t\t\t\t\t\t\t<\/div>\n\t\t\t\t<\/div>\n\t\t\t\t<\/div>\n\t\t\t\t<\/div>\n\t\t\t\t\t<\/div>\n\t\t\t\t<\/div>\n\t\t\t\t<\/div>","protected":false},"excerpt":{"rendered":"<p>Obtenga un lugar en primera fila para conocer nuestros productos Descubra c\u00f3mo IA Labs impulsa la transformaci\u00f3n digital mediante anal\u00edtica avanzada, automatizaci\u00f3n e inteligencia artificial. Explore nuestras demos interactivas y conozca las plataformas que est\u00e1n revolucionando la gesti\u00f3n p\u00fablica y empresarial. Al hacer clic en enviar, acepto la Pol\u00edtica de privacidad de IAlabs<\/p>","protected":false},"author":4,"featured_media":0,"parent":0,"menu_order":0,"comment_status":"closed","ping_status":"closed","template":"","meta":{"site-sidebar-layout":"no-sidebar","site-content-layout":"page-builder","ast-site-content-layout":"full-width-container","site-content-style":"default","site-sidebar-style":"default","ast-global-header-display":"","ast-banner-title-visibility":"","ast-main-header-display":"","ast-hfb-above-header-display":"","ast-hfb-below-header-display":"","ast-hfb-mobile-header-display":"","site-post-title":"disabled","ast-breadcrumbs-content":"","ast-featured-img":"disabled","footer-sml-layout":"","theme-transparent-header-meta":"enabled","adv-header-id-meta":"","stick-header-meta":"","header-above-stick-meta":"","header-main-stick-meta":"","header-below-stick-meta":"","astra-migrate-meta-layouts":"set","ast-page-background-enabled":"default","ast-page-background-meta":{"desktop":{"background-color":"","background-image":"","background-repeat":"repeat","background-position":"center center","background-size":"auto","background-attachment":"scroll","background-type":"","background-media":"","overlay-type":"","overlay-color":"","overlay-opacity":"","overlay-gradient":""},"tablet":{"background-color":"","background-image":"","background-repeat":"repeat","background-position":"center center","background-size":"auto","background-attachment":"scroll","background-type":"","background-media":"","overlay-type":"","overlay-color":"","overlay-opacity":"","overlay-gradient":""},"mobile":{"background-color":"","background-image":"","background-repeat":"repeat","background-position":"center center","background-size":"auto","background-attachment":"scroll","background-type":"","background-media":"","overlay-type":"","overlay-color":"","overlay-opacity":"","overlay-gradient":""}},"ast-content-background-meta":{"desktop":{"background-color":"var(--ast-global-color-5)","background-image":"","background-repeat":"repeat","background-position":"center center","background-size":"auto","background-attachment":"scroll","background-type":"","background-media":"","overlay-type":"","overlay-color":"","overlay-opacity":"","overlay-gradient":""},"tablet":{"background-color":"var(--ast-global-color-5)","background-image":"","background-repeat":"repeat","background-position":"center center","background-size":"auto","background-attachment":"scroll","background-type":"","background-media":"","overlay-type":"","overlay-color":"","overlay-opacity":"","overlay-gradient":""},"mobile":{"background-color":"var(--ast-global-color-5)","background-image":"","background-repeat":"repeat","background-position":"center center","background-size":"auto","background-attachment":"scroll","background-type":"","background-media":"","overlay-type":"","overlay-color":"","overlay-opacity":"","overlay-gradient":""}},"footnotes":""},"class_list":["post-6605","page","type-page","status-publish","hentry"],"yoast_head":"<!-- This site is optimized with the Yoast SEO plugin v26.1.1 - https:\/\/yoast.com\/wordpress\/plugins\/seo\/ -->\n<title>Demo IA | Prueba Gratis las Soluciones de iaLabs<\/title>\n<meta name=\"description\" content=\"Solicita la demo IA gratuita de iaLabs y conoce c\u00f3mo nuestras soluciones inteligentes de automatizaci\u00f3n y anal\u00edtica impulsan tu transformaci\u00f3n digital.\" \/>\n<meta name=\"robots\" content=\"index, follow, max-snippet:-1, max-image-preview:large, max-video-preview:-1\" \/>\n<link rel=\"canonical\" href=\"https:\/\/ialabs.com.co\/en\/demo\/\" \/>\n<meta property=\"og:locale\" content=\"en_US\" \/>\n<meta property=\"og:type\" content=\"article\" \/>\n<meta property=\"og:title\" content=\"Demo IA | Prueba Gratis las Soluciones de iaLabs\" \/>\n<meta property=\"og:description\" content=\"Solicita la demo IA gratuita de iaLabs y conoce c\u00f3mo nuestras soluciones inteligentes de automatizaci\u00f3n y anal\u00edtica impulsan tu transformaci\u00f3n digital.\" \/>\n<meta property=\"og:url\" content=\"https:\/\/ialabs.com.co\/en\/demo\/\" \/>\n<meta property=\"og:site_name\" content=\"IALABS\" \/>\n<meta property=\"article:modified_time\" content=\"2025-11-11T16:22:52+00:00\" \/>\n<meta property=\"og:image\" content=\"https:\/\/ialabs.com.co\/wp-content\/uploads\/2025\/07\/cropped-logo-DS4B.png\" \/>\n\t<meta property=\"og:image:width\" content=\"1703\" \/>\n\t<meta property=\"og:image:height\" content=\"807\" \/>\n\t<meta property=\"og:image:type\" content=\"image\/png\" \/>\n<meta name=\"twitter:card\" content=\"summary_large_image\" \/>\n<meta name=\"twitter:label1\" content=\"Est. reading time\" \/>\n\t<meta name=\"twitter:data1\" content=\"1 minute\" \/>\n<script type=\"application\/ld+json\" class=\"yoast-schema-graph\">{\"@context\":\"https:\/\/schema.org\",\"@graph\":[{\"@type\":\"WebPage\",\"@id\":\"https:\/\/ialabs.com.co\/demo\/\",\"url\":\"https:\/\/ialabs.com.co\/demo\/\",\"name\":\"Demo IA | Prueba Gratis las Soluciones de iaLabs\",\"isPartOf\":{\"@id\":\"https:\/\/ialabs.com.co\/#website\"},\"datePublished\":\"2025-10-17T18:57:14+00:00\",\"dateModified\":\"2025-11-11T16:22:52+00:00\",\"description\":\"Solicita la demo IA gratuita de iaLabs y conoce c\u00f3mo nuestras soluciones inteligentes de automatizaci\u00f3n y anal\u00edtica impulsan tu transformaci\u00f3n digital.\",\"breadcrumb\":{\"@id\":\"https:\/\/ialabs.com.co\/demo\/#breadcrumb\"},\"inLanguage\":\"en-US\",\"potentialAction\":[{\"@type\":\"ReadAction\",\"target\":[\"https:\/\/ialabs.com.co\/demo\/\"]}]},{\"@type\":\"BreadcrumbList\",\"@id\":\"https:\/\/ialabs.com.co\/demo\/#breadcrumb\",\"itemListElement\":[{\"@type\":\"ListItem\",\"position\":1,\"name\":\"Portada\",\"item\":\"https:\/\/ialabs.com.co\/\"},{\"@type\":\"ListItem\",\"position\":2,\"name\":\"Demo\"}]},{\"@type\":\"WebSite\",\"@id\":\"https:\/\/ialabs.com.co\/#website\",\"url\":\"https:\/\/ialabs.com.co\/\",\"name\":\"Digital Solutions For Business\",\"description\":\"IALABS\",\"publisher\":{\"@id\":\"https:\/\/ialabs.com.co\/#organization\"},\"potentialAction\":[{\"@type\":\"SearchAction\",\"target\":{\"@type\":\"EntryPoint\",\"urlTemplate\":\"https:\/\/ialabs.com.co\/?s={search_term_string}\"},\"query-input\":{\"@type\":\"PropertyValueSpecification\",\"valueRequired\":true,\"valueName\":\"search_term_string\"}}],\"inLanguage\":\"en-US\"},{\"@type\":\"Organization\",\"@id\":\"https:\/\/ialabs.com.co\/#organization\",\"name\":\"Digital Solutions For Business\",\"url\":\"https:\/\/ialabs.com.co\/\",\"logo\":{\"@type\":\"ImageObject\",\"inLanguage\":\"en-US\",\"@id\":\"https:\/\/ialabs.com.co\/#\/schema\/logo\/image\/\",\"url\":\"https:\/\/ialabs.com.co\/wp-content\/uploads\/2025\/07\/logos-DS4B.png\",\"contentUrl\":\"https:\/\/ialabs.com.co\/wp-content\/uploads\/2025\/07\/logos-DS4B.png\",\"width\":177,\"height\":184,\"caption\":\"Digital Solutions For Business\"},\"image\":{\"@id\":\"https:\/\/ialabs.com.co\/#\/schema\/logo\/image\/\"}}]}<\/script>\n<!-- \/ Yoast SEO plugin. -->","yoast_head_json":{"title":"Demo IA | Prueba Gratis las Soluciones de iaLabs","description":"Solicita la demo IA gratuita de iaLabs y conoce c\u00f3mo nuestras soluciones inteligentes de automatizaci\u00f3n y anal\u00edtica impulsan tu transformaci\u00f3n digital.","robots":{"index":"index","follow":"follow","max-snippet":"max-snippet:-1","max-image-preview":"max-image-preview:large","max-video-preview":"max-video-preview:-1"},"canonical":"https:\/\/ialabs.com.co\/en\/demo\/","og_locale":"en_US","og_type":"article","og_title":"Demo IA | Prueba Gratis las Soluciones de iaLabs","og_description":"Solicita la demo IA gratuita de iaLabs y conoce c\u00f3mo nuestras soluciones inteligentes de automatizaci\u00f3n y anal\u00edtica impulsan tu transformaci\u00f3n digital.","og_url":"https:\/\/ialabs.com.co\/en\/demo\/","og_site_name":"IALABS","article_modified_time":"2025-11-11T16:22:52+00:00","og_image":[{"width":1703,"height":807,"url":"https:\/\/ialabs.com.co\/wp-content\/uploads\/2025\/07\/cropped-logo-DS4B.png","type":"image\/png"}],"twitter_card":"summary_large_image","twitter_misc":{"Est. reading time":"1 minute"},"schema":{"@context":"https:\/\/schema.org","@graph":[{"@type":"WebPage","@id":"https:\/\/ialabs.com.co\/demo\/","url":"https:\/\/ialabs.com.co\/demo\/","name":"Demo IA | Prueba Gratis las Soluciones de iaLabs","isPartOf":{"@id":"https:\/\/ialabs.com.co\/#website"},"datePublished":"2025-10-17T18:57:14+00:00","dateModified":"2025-11-11T16:22:52+00:00","description":"Solicita la demo IA gratuita de iaLabs y conoce c\u00f3mo nuestras soluciones inteligentes de automatizaci\u00f3n y anal\u00edtica impulsan tu transformaci\u00f3n digital.","breadcrumb":{"@id":"https:\/\/ialabs.com.co\/demo\/#breadcrumb"},"inLanguage":"en-US","potentialAction":[{"@type":"ReadAction","target":["https:\/\/ialabs.com.co\/demo\/"]}]},{"@type":"BreadcrumbList","@id":"https:\/\/ialabs.com.co\/demo\/#breadcrumb","itemListElement":[{"@type":"ListItem","position":1,"name":"Portada","item":"https:\/\/ialabs.com.co\/"},{"@type":"ListItem","position":2,"name":"Demo"}]},{"@type":"WebSite","@id":"https:\/\/ialabs.com.co\/#website","url":"https:\/\/ialabs.com.co\/","name":"Digital Solutions For Business","description":"IALABS","publisher":{"@id":"https:\/\/ialabs.com.co\/#organization"},"potentialAction":[{"@type":"SearchAction","target":{"@type":"EntryPoint","urlTemplate":"https:\/\/ialabs.com.co\/?s={search_term_string}"},"query-input":{"@type":"PropertyValueSpecification","valueRequired":true,"valueName":"search_term_string"}}],"inLanguage":"en-US"},{"@type":"Organization","@id":"https:\/\/ialabs.com.co\/#organization","name":"Digital Solutions For Business","url":"https:\/\/ialabs.com.co\/","logo":{"@type":"ImageObject","inLanguage":"en-US","@id":"https:\/\/ialabs.com.co\/#\/schema\/logo\/image\/","url":"https:\/\/ialabs.com.co\/wp-content\/uploads\/2025\/07\/logos-DS4B.png","contentUrl":"https:\/\/ialabs.com.co\/wp-content\/uploads\/2025\/07\/logos-DS4B.png","width":177,"height":184,"caption":"Digital Solutions For Business"},"image":{"@id":"https:\/\/ialabs.com.co\/#\/schema\/logo\/image\/"}}]}},"_links":{"self":[{"href":"https:\/\/ialabs.com.co\/en\/wp-json\/wp\/v2\/pages\/6605","targetHints":{"allow":["GET"]}}],"collection":[{"href":"https:\/\/ialabs.com.co\/en\/wp-json\/wp\/v2\/pages"}],"about":[{"href":"https:\/\/ialabs.com.co\/en\/wp-json\/wp\/v2\/types\/page"}],"author":[{"embeddable":true,"href":"https:\/\/ialabs.com.co\/en\/wp-json\/wp\/v2\/users\/4"}],"replies":[{"embeddable":true,"href":"https:\/\/ialabs.com.co\/en\/wp-json\/wp\/v2\/comments?post=6605"}],"version-history":[{"count":31,"href":"https:\/\/ialabs.com.co\/en\/wp-json\/wp\/v2\/pages\/6605\/revisions"}],"predecessor-version":[{"id":7228,"href":"https:\/\/ialabs.com.co\/en\/wp-json\/wp\/v2\/pages\/6605\/revisions\/7228"}],"wp:attachment":[{"href":"https:\/\/ialabs.com.co\/en\/wp-json\/wp\/v2\/media?parent=6605"}],"curies":[{"name":"wp","href":"https:\/\/api.w.org\/{rel}","templated":true}]}}